{"id":18,"date":"2015-04-29T04:36:23","date_gmt":"2015-04-29T04:36:23","guid":{"rendered":"https:\/\/themerain.com\/demo\/charm\/?page_id=18"},"modified":"2023-07-17T15:07:15","modified_gmt":"2023-07-17T13:07:15","slug":"about","status":"publish","type":"page","link":"https:\/\/mmstudio.co.pl\/index.php\/about\/","title":{"rendered":"O mnie"},"content":{"rendered":"\n<div class=\"wp-block-columns is-layout-flex wp-container-core-columns-is-layout-9d6595d7 wp-block-columns-is-layout-flex\">\n<div class=\"wp-block-column is-layout-flow wp-block-column-is-layout-flow\">\n<p>Nazywam si\u0119 Magda Mierzejewska i jestem grafikiem komputerowym. Mieszkam i pracuj\u0119 w Warszawie. <\/p>\n\n\n\n<p>Uko\u0144czy\u0142am studia podyplomowe na wydziale Grafiki U\u017cytkowej <br>w Wy\u017cszej Szkole Informatyki Stosowanej i Zarz\u0105dzania WIT.<\/p>\n\n\n\n<p>Wykonuj\u0119 zlecenia od 2014 roku dla agencji reklamowych, interaktywnych, marketingowych, du\u017cych i ma\u0142ych firm. <\/p>\n\n\n\n<p><\/p>\n<\/div>\n\n\n\n<div class=\"wp-block-column is-layout-flow wp-block-column-is-layout-flow\">\n<p>Sprawnie, rzetelnie, dyskretnie, z pe\u0142nym zaanga\u017cowaniem i mocnym skoncentrowaniem na zapewnieniu takiej realizacji, kt\u00f3ra b\u0119dzie cieszy\u0107 Klienta i jak najlepiej spe\u0142nia\u0107 swoj\u0105 rol\u0119.<\/p>\n\n\n\n<p>Specjalizuj\u0119 si\u0119 w projektach do druku 2D, POS w pracy <br>z wykrojnikami, projektach Internetowych oraz DTP.<\/p>\n\n\n\n<p>ZAPRASZAM DO WSP\u00d3\u0141PRACY!<\/p>\n\n\n\n<p>\u200b<\/p>\n<\/div>\n<\/div>\n\n\n\n<h6 class=\"wp-block-heading has-text-align-center\">Agencje i Klienci<\/h6>\n\n\n\n<div class=\"wp-block-columns is-layout-flex wp-container-core-columns-is-layout-9d6595d7 wp-block-columns-is-layout-flex\">\n<div class=\"wp-block-column is-layout-flow wp-block-column-is-layout-flow\" style=\"flex-basis:100%\">\n<figure class=\"wp-block-gallery has-nested-images columns-7 wp-block-gallery-1 is-layout-flex wp-block-gallery-is-layout-flex\">\n<figure class=\"wp-block-image size-large\"><img loading=\"lazy\" decoding=\"async\" width=\"1024\" height=\"1024\" data-id=\"1210\" src=\"https:\/\/mmstudio.co.pl\/wp-content\/uploads\/2022\/08\/logo-evapify-1024x1024.jpg\" alt=\"\" class=\"wp-image-1210\" srcset=\"https:\/\/mmstudio.co.pl\/wp-content\/uploads\/2022\/08\/logo-evapify.jpg 1024w, https:\/\/mmstudio.co.pl\/wp-content\/uploads\/2022\/08\/logo-evapify-300x300.jpg 300w, https:\/\/mmstudio.co.pl\/wp-content\/uploads\/2022\/08\/logo-evapify-150x150.jpg 150w, https:\/\/mmstudio.co.pl\/wp-content\/uploads\/2022\/08\/logo-evapify-768x768.jpg 768w, https:\/\/mmstudio.co.pl\/wp-content\/uploads\/2022\/08\/logo-evapify-920x920.jpg 920w\" sizes=\"auto, (max-width: 1024px) 100vw, 1024px\" \/><\/figure>\n\n\n\n<figure class=\"wp-block-image size-large is-style-default\"><img loading=\"lazy\" decoding=\"async\" width=\"1024\" height=\"1024\" data-id=\"593\" src=\"https:\/\/mmstudio.co.pl\/wp-content\/uploads\/2022\/07\/zoil-1024x1024.jpg\" alt=\"\" class=\"wp-image-593\" srcset=\"https:\/\/mmstudio.co.pl\/wp-content\/uploads\/2022\/07\/zoil-1024x1024.jpg 1024w, https:\/\/mmstudio.co.pl\/wp-content\/uploads\/2022\/07\/zoil-300x300.jpg 300w, https:\/\/mmstudio.co.pl\/wp-content\/uploads\/2022\/07\/zoil-150x150.jpg 150w, https:\/\/mmstudio.co.pl\/wp-content\/uploads\/2022\/07\/zoil-768x768.jpg 768w, https:\/\/mmstudio.co.pl\/wp-content\/uploads\/2022\/07\/zoil-920x920.jpg 920w, https:\/\/mmstudio.co.pl\/wp-content\/uploads\/2022\/07\/zoil.jpg 1181w\" sizes=\"auto, (max-width: 1024px) 100vw, 1024px\" \/><\/figure>\n\n\n\n<figure class=\"wp-block-image size-large\"><img loading=\"lazy\" decoding=\"async\" width=\"1024\" height=\"1024\" data-id=\"595\" src=\"https:\/\/mmstudio.co.pl\/wp-content\/uploads\/2022\/07\/druknij.to_-1024x1024.jpg\" alt=\"\" class=\"wp-image-595\" srcset=\"https:\/\/mmstudio.co.pl\/wp-content\/uploads\/2022\/07\/druknij.to_-1024x1024.jpg 1024w, https:\/\/mmstudio.co.pl\/wp-content\/uploads\/2022\/07\/druknij.to_-300x300.jpg 300w, https:\/\/mmstudio.co.pl\/wp-content\/uploads\/2022\/07\/druknij.to_-150x150.jpg 150w, https:\/\/mmstudio.co.pl\/wp-content\/uploads\/2022\/07\/druknij.to_-768x768.jpg 768w, https:\/\/mmstudio.co.pl\/wp-content\/uploads\/2022\/07\/druknij.to_-920x920.jpg 920w, https:\/\/mmstudio.co.pl\/wp-content\/uploads\/2022\/07\/druknij.to_.jpg 1181w\" sizes=\"auto, (max-width: 1024px) 100vw, 1024px\" \/><\/figure>\n\n\n\n<figure class=\"wp-block-image size-large\"><img loading=\"lazy\" decoding=\"async\" width=\"1024\" height=\"1024\" data-id=\"594\" src=\"https:\/\/mmstudio.co.pl\/wp-content\/uploads\/2022\/07\/holo-1024x1024.jpg\" alt=\"\" class=\"wp-image-594\" srcset=\"https:\/\/mmstudio.co.pl\/wp-content\/uploads\/2022\/07\/holo-1024x1024.jpg 1024w, https:\/\/mmstudio.co.pl\/wp-content\/uploads\/2022\/07\/holo-300x300.jpg 300w, https:\/\/mmstudio.co.pl\/wp-content\/uploads\/2022\/07\/holo-150x150.jpg 150w, https:\/\/mmstudio.co.pl\/wp-content\/uploads\/2022\/07\/holo-768x768.jpg 768w, https:\/\/mmstudio.co.pl\/wp-content\/uploads\/2022\/07\/holo-920x920.jpg 920w, https:\/\/mmstudio.co.pl\/wp-content\/uploads\/2022\/07\/holo.jpg 1181w\" sizes=\"auto, (max-width: 1024px) 100vw, 1024px\" \/><\/figure>\n\n\n\n<figure class=\"wp-block-image size-large\"><img loading=\"lazy\" decoding=\"async\" width=\"1024\" height=\"1024\" data-id=\"618\" src=\"https:\/\/mmstudio.co.pl\/wp-content\/uploads\/2022\/07\/3-3-1024x1024.jpg\" alt=\"\" class=\"wp-image-618\" srcset=\"https:\/\/mmstudio.co.pl\/wp-content\/uploads\/2022\/07\/3-3-1024x1024.jpg 1024w, https:\/\/mmstudio.co.pl\/wp-content\/uploads\/2022\/07\/3-3-300x300.jpg 300w, https:\/\/mmstudio.co.pl\/wp-content\/uploads\/2022\/07\/3-3-150x150.jpg 150w, https:\/\/mmstudio.co.pl\/wp-content\/uploads\/2022\/07\/3-3-768x768.jpg 768w, https:\/\/mmstudio.co.pl\/wp-content\/uploads\/2022\/07\/3-3-920x920.jpg 920w, https:\/\/mmstudio.co.pl\/wp-content\/uploads\/2022\/07\/3-3.jpg 1181w\" sizes=\"auto, (max-width: 1024px) 100vw, 1024px\" \/><\/figure>\n\n\n\n<figure class=\"wp-block-image size-large\"><img loading=\"lazy\" decoding=\"async\" width=\"1024\" height=\"1024\" data-id=\"597\" src=\"https:\/\/mmstudio.co.pl\/wp-content\/uploads\/2022\/07\/0-1024x1024.png\" alt=\"\" class=\"wp-image-597\" srcset=\"https:\/\/mmstudio.co.pl\/wp-content\/uploads\/2022\/07\/0-1024x1024.png 1024w, https:\/\/mmstudio.co.pl\/wp-content\/uploads\/2022\/07\/0-300x300.png 300w, https:\/\/mmstudio.co.pl\/wp-content\/uploads\/2022\/07\/0-150x150.png 150w, https:\/\/mmstudio.co.pl\/wp-content\/uploads\/2022\/07\/0-768x768.png 768w, https:\/\/mmstudio.co.pl\/wp-content\/uploads\/2022\/07\/0-920x920.png 920w, https:\/\/mmstudio.co.pl\/wp-content\/uploads\/2022\/07\/0.png 1181w\" sizes=\"auto, (max-width: 1024px) 100vw, 1024px\" \/><\/figure>\n<\/figure>\n<\/div>\n<\/div>\n\n\n\n<div class=\"wp-block-columns is-layout-flex wp-container-core-columns-is-layout-9d6595d7 wp-block-columns-is-layout-flex\">\n<div class=\"wp-block-column is-layout-flow wp-block-column-is-layout-flow\" style=\"flex-basis:100%\">\n<figure class=\"wp-block-gallery has-nested-images columns-7 wp-block-gallery-2 is-layout-flex wp-block-gallery-is-layout-flex\">\n<figure class=\"wp-block-image size-large\"><img loading=\"lazy\" decoding=\"async\" width=\"1024\" height=\"1024\" data-id=\"629\" src=\"https:\/\/mmstudio.co.pl\/wp-content\/uploads\/2022\/07\/Deckout-1024x1024.jpg\" alt=\"\" class=\"wp-image-629\" srcset=\"https:\/\/mmstudio.co.pl\/wp-content\/uploads\/2022\/07\/Deckout-1024x1024.jpg 1024w, https:\/\/mmstudio.co.pl\/wp-content\/uploads\/2022\/07\/Deckout-300x300.jpg 300w, https:\/\/mmstudio.co.pl\/wp-content\/uploads\/2022\/07\/Deckout-150x150.jpg 150w, https:\/\/mmstudio.co.pl\/wp-content\/uploads\/2022\/07\/Deckout-768x768.jpg 768w, https:\/\/mmstudio.co.pl\/wp-content\/uploads\/2022\/07\/Deckout-920x920.jpg 920w, https:\/\/mmstudio.co.pl\/wp-content\/uploads\/2022\/07\/Deckout.jpg 1181w\" sizes=\"auto, (max-width: 1024px) 100vw, 1024px\" \/><\/figure>\n\n\n\n<figure class=\"wp-block-image size-large is-style-default\"><img loading=\"lazy\" decoding=\"async\" width=\"1024\" height=\"1024\" data-id=\"599\" src=\"https:\/\/mmstudio.co.pl\/wp-content\/uploads\/2022\/07\/HBZ-1024x1024.png\" alt=\"\" class=\"wp-image-599\" srcset=\"https:\/\/mmstudio.co.pl\/wp-content\/uploads\/2022\/07\/HBZ-1024x1024.png 1024w, https:\/\/mmstudio.co.pl\/wp-content\/uploads\/2022\/07\/HBZ-300x300.png 300w, https:\/\/mmstudio.co.pl\/wp-content\/uploads\/2022\/07\/HBZ-150x150.png 150w, https:\/\/mmstudio.co.pl\/wp-content\/uploads\/2022\/07\/HBZ-768x768.png 768w, https:\/\/mmstudio.co.pl\/wp-content\/uploads\/2022\/07\/HBZ-920x920.png 920w, https:\/\/mmstudio.co.pl\/wp-content\/uploads\/2022\/07\/HBZ.png 1181w\" sizes=\"auto, (max-width: 1024px) 100vw, 1024px\" \/><\/figure>\n\n\n\n<figure class=\"wp-block-image size-large\"><img loading=\"lazy\" decoding=\"async\" width=\"1024\" height=\"1024\" data-id=\"619\" src=\"https:\/\/mmstudio.co.pl\/wp-content\/uploads\/2022\/07\/10-1024x1024.jpg\" alt=\"\" class=\"wp-image-619\" srcset=\"https:\/\/mmstudio.co.pl\/wp-content\/uploads\/2022\/07\/10-1024x1024.jpg 1024w, https:\/\/mmstudio.co.pl\/wp-content\/uploads\/2022\/07\/10-300x300.jpg 300w, https:\/\/mmstudio.co.pl\/wp-content\/uploads\/2022\/07\/10-150x150.jpg 150w, https:\/\/mmstudio.co.pl\/wp-content\/uploads\/2022\/07\/10-768x768.jpg 768w, https:\/\/mmstudio.co.pl\/wp-content\/uploads\/2022\/07\/10-920x920.jpg 920w, https:\/\/mmstudio.co.pl\/wp-content\/uploads\/2022\/07\/10.jpg 1181w\" sizes=\"auto, (max-width: 1024px) 100vw, 1024px\" \/><\/figure>\n\n\n\n<figure class=\"wp-block-image size-large\"><img loading=\"lazy\" decoding=\"async\" width=\"1024\" height=\"1024\" data-id=\"622\" src=\"https:\/\/mmstudio.co.pl\/wp-content\/uploads\/2022\/07\/vs-1-1024x1024.png\" alt=\"\" class=\"wp-image-622\" srcset=\"https:\/\/mmstudio.co.pl\/wp-content\/uploads\/2022\/07\/vs-1-1024x1024.png 1024w, https:\/\/mmstudio.co.pl\/wp-content\/uploads\/2022\/07\/vs-1-300x300.png 300w, https:\/\/mmstudio.co.pl\/wp-content\/uploads\/2022\/07\/vs-1-150x150.png 150w, https:\/\/mmstudio.co.pl\/wp-content\/uploads\/2022\/07\/vs-1-768x768.png 768w, https:\/\/mmstudio.co.pl\/wp-content\/uploads\/2022\/07\/vs-1-920x920.png 920w, https:\/\/mmstudio.co.pl\/wp-content\/uploads\/2022\/07\/vs-1.png 1181w\" sizes=\"auto, (max-width: 1024px) 100vw, 1024px\" \/><\/figure>\n\n\n\n<figure class=\"wp-block-image size-large\"><img loading=\"lazy\" decoding=\"async\" width=\"1024\" height=\"1024\" data-id=\"596\" src=\"https:\/\/mmstudio.co.pl\/wp-content\/uploads\/2022\/07\/1-1024x1024.jpg\" alt=\"\" class=\"wp-image-596\" srcset=\"https:\/\/mmstudio.co.pl\/wp-content\/uploads\/2022\/07\/1-1024x1024.jpg 1024w, https:\/\/mmstudio.co.pl\/wp-content\/uploads\/2022\/07\/1-300x300.jpg 300w, https:\/\/mmstudio.co.pl\/wp-content\/uploads\/2022\/07\/1-150x150.jpg 150w, https:\/\/mmstudio.co.pl\/wp-content\/uploads\/2022\/07\/1-768x768.jpg 768w, https:\/\/mmstudio.co.pl\/wp-content\/uploads\/2022\/07\/1-920x920.jpg 920w, https:\/\/mmstudio.co.pl\/wp-content\/uploads\/2022\/07\/1.jpg 1181w\" sizes=\"auto, (max-width: 1024px) 100vw, 1024px\" \/><\/figure>\n\n\n\n<figure class=\"wp-block-image size-large\"><img loading=\"lazy\" decoding=\"async\" width=\"1024\" height=\"1024\" data-id=\"631\" src=\"https:\/\/mmstudio.co.pl\/wp-content\/uploads\/2022\/07\/santech-1024x1024.jpg\" alt=\"\" class=\"wp-image-631\" srcset=\"https:\/\/mmstudio.co.pl\/wp-content\/uploads\/2022\/07\/santech-1024x1024.jpg 1024w, https:\/\/mmstudio.co.pl\/wp-content\/uploads\/2022\/07\/santech-300x300.jpg 300w, https:\/\/mmstudio.co.pl\/wp-content\/uploads\/2022\/07\/santech-150x150.jpg 150w, https:\/\/mmstudio.co.pl\/wp-content\/uploads\/2022\/07\/santech-768x768.jpg 768w, https:\/\/mmstudio.co.pl\/wp-content\/uploads\/2022\/07\/santech-920x920.jpg 920w, https:\/\/mmstudio.co.pl\/wp-content\/uploads\/2022\/07\/santech.jpg 1181w\" sizes=\"auto, (max-width: 1024px) 100vw, 1024px\" \/><\/figure>\n<\/figure>\n<\/div>\n<\/div>\n\n\n\n<div class=\"wp-block-columns is-layout-flex wp-container-core-columns-is-layout-9d6595d7 wp-block-columns-is-layout-flex\">\n<div class=\"wp-block-column is-layout-flow wp-block-column-is-layout-flow\" style=\"flex-basis:100%\">\n<figure class=\"wp-block-gallery has-nested-images columns-7 wp-block-gallery-3 is-layout-flex wp-block-gallery-is-layout-flex\">\n<figure class=\"wp-block-image size-large\"><img loading=\"lazy\" decoding=\"async\" width=\"1024\" height=\"1024\" data-id=\"616\" src=\"https:\/\/mmstudio.co.pl\/wp-content\/uploads\/2022\/07\/2-1-1024x1024.jpg\" alt=\"\" class=\"wp-image-616\" srcset=\"https:\/\/mmstudio.co.pl\/wp-content\/uploads\/2022\/07\/2-1-1024x1024.jpg 1024w, https:\/\/mmstudio.co.pl\/wp-content\/uploads\/2022\/07\/2-1-300x300.jpg 300w, https:\/\/mmstudio.co.pl\/wp-content\/uploads\/2022\/07\/2-1-150x150.jpg 150w, https:\/\/mmstudio.co.pl\/wp-content\/uploads\/2022\/07\/2-1-768x768.jpg 768w, https:\/\/mmstudio.co.pl\/wp-content\/uploads\/2022\/07\/2-1-920x920.jpg 920w, https:\/\/mmstudio.co.pl\/wp-content\/uploads\/2022\/07\/2-1.jpg 1181w\" sizes=\"auto, (max-width: 1024px) 100vw, 1024px\" \/><\/figure>\n\n\n\n<figure class=\"wp-block-image size-large is-style-default\"><img loading=\"lazy\" decoding=\"async\" width=\"1181\" height=\"1181\" data-id=\"623\" src=\"https:\/\/mmstudio.co.pl\/wp-content\/uploads\/2022\/07\/4-1024x1024.jpg\" alt=\"\" class=\"wp-image-623\" srcset=\"https:\/\/mmstudio.co.pl\/wp-content\/uploads\/2022\/07\/4-1024x1024.jpg 1024w, https:\/\/mmstudio.co.pl\/wp-content\/uploads\/2022\/07\/4-300x300.jpg 300w, https:\/\/mmstudio.co.pl\/wp-content\/uploads\/2022\/07\/4-150x150.jpg 150w, https:\/\/mmstudio.co.pl\/wp-content\/uploads\/2022\/07\/4-768x768.jpg 768w, https:\/\/mmstudio.co.pl\/wp-content\/uploads\/2022\/07\/4-920x920.jpg 920w, https:\/\/mmstudio.co.pl\/wp-content\/uploads\/2022\/07\/4.jpg 1181w\" sizes=\"auto, (max-width: 1181px) 100vw, 1181px\" \/><\/figure>\n\n\n\n<figure class=\"wp-block-image size-large\"><img loading=\"lazy\" decoding=\"async\" width=\"1024\" height=\"1024\" data-id=\"787\" src=\"https:\/\/mmstudio.co.pl\/wp-content\/uploads\/2022\/07\/epolipse-logo-1024x1024.jpg\" alt=\"\" class=\"wp-image-787\" srcset=\"https:\/\/mmstudio.co.pl\/wp-content\/uploads\/2022\/07\/epolipse-logo-1024x1024.jpg 1024w, https:\/\/mmstudio.co.pl\/wp-content\/uploads\/2022\/07\/epolipse-logo-300x300.jpg 300w, https:\/\/mmstudio.co.pl\/wp-content\/uploads\/2022\/07\/epolipse-logo-150x150.jpg 150w, https:\/\/mmstudio.co.pl\/wp-content\/uploads\/2022\/07\/epolipse-logo-768x768.jpg 768w, https:\/\/mmstudio.co.pl\/wp-content\/uploads\/2022\/07\/epolipse-logo-920x920.jpg 920w, https:\/\/mmstudio.co.pl\/wp-content\/uploads\/2022\/07\/epolipse-logo.jpg 1181w\" sizes=\"auto, (max-width: 1024px) 100vw, 1024px\" \/><\/figure>\n\n\n\n<figure class=\"wp-block-image size-large\"><img loading=\"lazy\" decoding=\"async\" width=\"1024\" height=\"1024\" data-id=\"788\" src=\"https:\/\/mmstudio.co.pl\/wp-content\/uploads\/2022\/07\/truck-1024x1024.jpg\" alt=\"\" class=\"wp-image-788\" srcset=\"https:\/\/mmstudio.co.pl\/wp-content\/uploads\/2022\/07\/truck-1024x1024.jpg 1024w, https:\/\/mmstudio.co.pl\/wp-content\/uploads\/2022\/07\/truck-300x300.jpg 300w, https:\/\/mmstudio.co.pl\/wp-content\/uploads\/2022\/07\/truck-150x150.jpg 150w, https:\/\/mmstudio.co.pl\/wp-content\/uploads\/2022\/07\/truck-768x768.jpg 768w, https:\/\/mmstudio.co.pl\/wp-content\/uploads\/2022\/07\/truck-920x920.jpg 920w, https:\/\/mmstudio.co.pl\/wp-content\/uploads\/2022\/07\/truck.jpg 1181w\" sizes=\"auto, (max-width: 1024px) 100vw, 1024px\" \/><\/figure>\n\n\n\n<figure class=\"wp-block-image size-large\"><img loading=\"lazy\" decoding=\"async\" width=\"1024\" height=\"1024\" data-id=\"627\" src=\"https:\/\/mmstudio.co.pl\/wp-content\/uploads\/2022\/07\/Unico-1024x1024.jpg\" alt=\"\" class=\"wp-image-627\" srcset=\"https:\/\/mmstudio.co.pl\/wp-content\/uploads\/2022\/07\/Unico-1024x1024.jpg 1024w, https:\/\/mmstudio.co.pl\/wp-content\/uploads\/2022\/07\/Unico-300x300.jpg 300w, https:\/\/mmstudio.co.pl\/wp-content\/uploads\/2022\/07\/Unico-150x150.jpg 150w, https:\/\/mmstudio.co.pl\/wp-content\/uploads\/2022\/07\/Unico-768x768.jpg 768w, https:\/\/mmstudio.co.pl\/wp-content\/uploads\/2022\/07\/Unico-920x920.jpg 920w, https:\/\/mmstudio.co.pl\/wp-content\/uploads\/2022\/07\/Unico.jpg 1181w\" sizes=\"auto, (max-width: 1024px) 100vw, 1024px\" \/><\/figure>\n\n\n\n<figure class=\"wp-block-image size-large\"><img loading=\"lazy\" decoding=\"async\" width=\"1024\" height=\"1024\" data-id=\"790\" src=\"https:\/\/mmstudio.co.pl\/wp-content\/uploads\/2022\/07\/kumkum-1024x1024.jpg\" alt=\"\" class=\"wp-image-790\" srcset=\"https:\/\/mmstudio.co.pl\/wp-content\/uploads\/2022\/07\/kumkum-1024x1024.jpg 1024w, https:\/\/mmstudio.co.pl\/wp-content\/uploads\/2022\/07\/kumkum-300x300.jpg 300w, https:\/\/mmstudio.co.pl\/wp-content\/uploads\/2022\/07\/kumkum-150x150.jpg 150w, https:\/\/mmstudio.co.pl\/wp-content\/uploads\/2022\/07\/kumkum-768x768.jpg 768w, https:\/\/mmstudio.co.pl\/wp-content\/uploads\/2022\/07\/kumkum-920x920.jpg 920w, https:\/\/mmstudio.co.pl\/wp-content\/uploads\/2022\/07\/kumkum.jpg 1181w\" sizes=\"auto, (max-width: 1024px) 100vw, 1024px\" \/><\/figure>\n<\/figure>\n<\/div>\n<\/div>\n\n\n\n<p><\/p>\n","protected":false},"excerpt":{"rendered":"<p>Nazywam si\u0119 Magda Mierzejewska i jestem grafikiem komputerowym. Mieszkam i pracuj\u0119 w Warszawie. Uko\u0144czy\u0142am studia podyplomowe na wydziale Grafiki U\u017cytkowej w Wy\u017cszej Szkole Informatyki Stosowanej i Zarz\u0105dzania WIT. Wykonuj\u0119 zlecenia od 2014 roku dla agencji reklamowych, interaktywnych, marketingowych, du\u017cych i ma\u0142ych firm. Sprawnie, rzetelnie, dyskretnie, z pe\u0142nym zaanga\u017cowaniem i mocnym skoncentrowaniem na zapewnieniu takiej realizacji,&#8230;<\/p>\n","protected":false},"author":1,"featured_media":1304,"parent":0,"menu_order":0,"comment_status":"closed","ping_status":"closed","template":"template-full-width.php","meta":{"footnotes":""},"class_list":["post-18","page","type-page","status-publish","has-post-thumbnail","hentry","has-content"],"_links":{"self":[{"href":"https:\/\/mmstudio.co.pl\/index.php\/wp-json\/wp\/v2\/pages\/18","targetHints":{"allow":["GET"]}}],"collection":[{"href":"https:\/\/mmstudio.co.pl\/index.php\/wp-json\/wp\/v2\/pages"}],"about":[{"href":"https:\/\/mmstudio.co.pl\/index.php\/wp-json\/wp\/v2\/types\/page"}],"author":[{"embeddable":true,"href":"https:\/\/mmstudio.co.pl\/index.php\/wp-json\/wp\/v2\/users\/1"}],"replies":[{"embeddable":true,"href":"https:\/\/mmstudio.co.pl\/index.php\/wp-json\/wp\/v2\/comments?post=18"}],"version-history":[{"count":35,"href":"https:\/\/mmstudio.co.pl\/index.php\/wp-json\/wp\/v2\/pages\/18\/revisions"}],"predecessor-version":[{"id":1307,"href":"https:\/\/mmstudio.co.pl\/index.php\/wp-json\/wp\/v2\/pages\/18\/revisions\/1307"}],"wp:featuredmedia":[{"embeddable":true,"href":"https:\/\/mmstudio.co.pl\/index.php\/wp-json\/wp\/v2\/media\/1304"}],"wp:attachment":[{"href":"https:\/\/mmstudio.co.pl\/index.php\/wp-json\/wp\/v2\/media?parent=18"}],"curies":[{"name":"wp","href":"https:\/\/api.w.org\/{rel}","templated":true}]}}