{"id":672,"date":"2022-07-15T14:37:17","date_gmt":"2022-07-15T12:37:17","guid":{"rendered":"http:\/\/mmstudio.co.pl\/?page_id=672"},"modified":"2023-07-17T15:13:26","modified_gmt":"2023-07-17T13:13:26","slug":"oferta","status":"publish","type":"page","link":"https:\/\/mmstudio.co.pl\/index.php\/oferta\/","title":{"rendered":"Oferta"},"content":{"rendered":"\n<div class=\"wp-block-columns is-layout-flex wp-container-core-columns-is-layout-9d6595d7 wp-block-columns-is-layout-flex\">\n<div class=\"wp-block-column is-layout-flow wp-block-column-is-layout-flow\">\n<figure class=\"wp-block-image size-large is-style-default\"><img loading=\"lazy\" decoding=\"async\" width=\"1024\" height=\"1024\" src=\"https:\/\/mmstudio.co.pl\/wp-content\/uploads\/2022\/07\/ULOTKA-1024x1024.jpg\" alt=\"\" class=\"wp-image-712\" srcset=\"https:\/\/mmstudio.co.pl\/wp-content\/uploads\/2022\/07\/ULOTKA-1024x1024.jpg 1024w, https:\/\/mmstudio.co.pl\/wp-content\/uploads\/2022\/07\/ULOTKA-300x300.jpg 300w, https:\/\/mmstudio.co.pl\/wp-content\/uploads\/2022\/07\/ULOTKA-150x150.jpg 150w, https:\/\/mmstudio.co.pl\/wp-content\/uploads\/2022\/07\/ULOTKA-768x768.jpg 768w, https:\/\/mmstudio.co.pl\/wp-content\/uploads\/2022\/07\/ULOTKA-920x920.jpg 920w, https:\/\/mmstudio.co.pl\/wp-content\/uploads\/2022\/07\/ULOTKA.jpg 1181w\" sizes=\"auto, (max-width: 1024px) 100vw, 1024px\" \/><\/figure>\n<\/div>\n\n\n\n<div class=\"wp-block-column is-layout-flow wp-block-column-is-layout-flow\">\n<figure class=\"wp-block-image size-large\"><img loading=\"lazy\" decoding=\"async\" width=\"1024\" height=\"1024\" src=\"https:\/\/mmstudio.co.pl\/wp-content\/uploads\/2022\/07\/FLAGA-1024x1024.jpg\" alt=\"\" class=\"wp-image-709\" srcset=\"https:\/\/mmstudio.co.pl\/wp-content\/uploads\/2022\/07\/FLAGA-1024x1024.jpg 1024w, https:\/\/mmstudio.co.pl\/wp-content\/uploads\/2022\/07\/FLAGA-300x300.jpg 300w, https:\/\/mmstudio.co.pl\/wp-content\/uploads\/2022\/07\/FLAGA-150x150.jpg 150w, https:\/\/mmstudio.co.pl\/wp-content\/uploads\/2022\/07\/FLAGA-768x768.jpg 768w, https:\/\/mmstudio.co.pl\/wp-content\/uploads\/2022\/07\/FLAGA-920x920.jpg 920w, https:\/\/mmstudio.co.pl\/wp-content\/uploads\/2022\/07\/FLAGA.jpg 1181w\" sizes=\"auto, (max-width: 1024px) 100vw, 1024px\" \/><\/figure>\n<\/div>\n\n\n\n<div class=\"wp-block-column is-layout-flow wp-block-column-is-layout-flow\">\n<figure class=\"wp-block-image size-large\"><img loading=\"lazy\" decoding=\"async\" width=\"1024\" height=\"1024\" src=\"https:\/\/mmstudio.co.pl\/wp-content\/uploads\/2022\/07\/WITRYNA-1024x1024.jpg\" alt=\"\" class=\"wp-image-713\" srcset=\"https:\/\/mmstudio.co.pl\/wp-content\/uploads\/2022\/07\/WITRYNA-1024x1024.jpg 1024w, https:\/\/mmstudio.co.pl\/wp-content\/uploads\/2022\/07\/WITRYNA-300x300.jpg 300w, https:\/\/mmstudio.co.pl\/wp-content\/uploads\/2022\/07\/WITRYNA-150x150.jpg 150w, https:\/\/mmstudio.co.pl\/wp-content\/uploads\/2022\/07\/WITRYNA-768x768.jpg 768w, https:\/\/mmstudio.co.pl\/wp-content\/uploads\/2022\/07\/WITRYNA-920x920.jpg 920w, https:\/\/mmstudio.co.pl\/wp-content\/uploads\/2022\/07\/WITRYNA.jpg 1181w\" sizes=\"auto, (max-width: 1024px) 100vw, 1024px\" \/><\/figure>\n<\/div>\n<\/div>\n\n\n\n<div class=\"wp-block-columns is-layout-flex wp-container-core-columns-is-layout-9d6595d7 wp-block-columns-is-layout-flex\">\n<div class=\"wp-block-column is-layout-flow wp-block-column-is-layout-flow\" style=\"flex-basis:100%\">\n<div class=\"wp-block-columns is-layout-flex wp-container-core-columns-is-layout-9d6595d7 wp-block-columns-is-layout-flex\">\n<div class=\"wp-block-column is-layout-flow wp-block-column-is-layout-flow\">\n<p style=\"font-style:normal;font-weight:800\"><strong>DRUK MA\u0141OFORMATOWY<\/strong><\/p>\n\n\n\n<p><a href=\"https:\/\/mmstudio.co.pl\/index.php\/project\/maly-format\/\">ZOBACZ REALIZACJE<\/a><\/p>\n\n\n\n<p>Wygodny i skuteczny rozmiar reklamy <br>dla Twojego biznesu. Jedna z najszybszych, najpopularniejszych i efektywnych metod <br>komunikacji reklamowej.<\/p>\n\n\n\n<p><strong>Oferuj\u0119 zakres projekt\u00f3w graficznych <\/strong><br><strong>z przygotowaniem do druku:<\/strong><\/p>\n\n\n\n<div class=\"wp-block-columns is-layout-flex wp-container-core-columns-is-layout-9d6595d7 wp-block-columns-is-layout-flex\">\n<div class=\"wp-block-column is-layout-flow wp-block-column-is-layout-flow\" style=\"flex-basis:100%\">\n<div class=\"wp-block-columns is-layout-flex wp-container-core-columns-is-layout-9d6595d7 wp-block-columns-is-layout-flex\">\n<div class=\"wp-block-column is-layout-flow wp-block-column-is-layout-flow\" style=\"flex-basis:100%\">\n<div class=\"wp-block-columns is-layout-flex wp-container-core-columns-is-layout-9d6595d7 wp-block-columns-is-layout-flex\">\n<div class=\"wp-block-column is-layout-flow wp-block-column-is-layout-flow\">\n<p>Broszury<br>Cenniki<br>Cen\u00f3wki<br>Certyfikaty<br>Foldery<br>Katalogi<br>Kalendarze<br>Logotypy<br>Menu  <br>Notesy<br>Naklejki<\/p>\n<\/div>\n\n\n\n<div class=\"wp-block-column is-layout-flow wp-block-column-is-layout-flow\">\n<p>Opakowania<br>Papier firmowy<br>Plakaty<br>Teczki<br>Torby<br>Ulotki<br>Wizyt\u00f3wki<br>Wobblery<br>Vouchery<br>Zaproszenia<\/p>\n<\/div>\n<\/div>\n<\/div>\n<\/div>\n<\/div>\n<\/div>\n<\/div>\n\n\n\n<div class=\"wp-block-column is-layout-flow wp-block-column-is-layout-flow\">\n<p><strong>DRUK WIELKOFORMATOWY<\/strong><\/p>\n\n\n\n<p><a href=\"https:\/\/mmstudio.co.pl\/index.php\/project\/duzy-format\/\">ZOBACZ REALIZACJE<\/a><\/p>\n\n\n\n<p>S\u0142usznie kojarzy si\u0119 ze skal\u0105 makro. <br>To wi\u0119kszy kaliber, dla Twojej przys\u0142owiowej wizyt\u00f3wki. Od pomys\u0142u, przez drobiazgowe projektowanie, do profesjonalnego wydruku.<\/p>\n\n\n\n<p><strong>Oferuj\u0119 zakres projekt\u00f3w graficznych <\/strong><br><strong>z przygotowaniem do druku:<\/strong><\/p>\n\n\n\n<div class=\"wp-block-columns is-layout-flex wp-container-core-columns-is-layout-9d6595d7 wp-block-columns-is-layout-flex\">\n<div class=\"wp-block-column is-layout-flow wp-block-column-is-layout-flow\">\n<p>Alejki sklepowe<br>Baner<br>Billboardy<br>Bramy reklamowe<br>Folie samoprzylepne<br>Fototapety<br>Flagi<br>Kasetony<br>Naklejki <br>Namioty<br>Opakowania<br>Owijki paletowe <\/p>\n<\/div>\n\n\n\n<div class=\"wp-block-column is-layout-flow wp-block-column-is-layout-flow\">\n<p> Plakaty<br>Plansze<br>Potykacze<br>Podesty  <br>Roll-upy<br>Stojaki<br>Standy<br>Stoiska<br>Strefy<br>Tapety<br>Trybunki<\/p>\n<\/div>\n<\/div>\n<\/div>\n\n\n\n<div class=\"wp-block-column is-layout-flow wp-block-column-is-layout-flow\">\n<p><strong>WITRYNY<\/strong><\/p>\n\n\n\n<p><a href=\"https:\/\/mmstudio.co.pl\/index.php\/project\/witryny\/\">ZOBACZ  REALIZACJE<\/a><br><\/p>\n\n\n\n<p>W komunikacji mi\u0119dzyludzkiej, pierwsze wra\u017cenie jest bezcenne i decyduj\u0105 o nim niemal u\u0142amki sekund. Tak samo jest w komunikacji marketingowej.<\/p>\n\n\n\n<p><strong>Oferuj\u0119 zakres projekt\u00f3w graficznych<\/strong><br><strong> z przygotowaniem do druku:<\/strong><\/p>\n\n\n\n<div class=\"wp-block-columns is-layout-flex wp-container-core-columns-is-layout-9d6595d7 wp-block-columns-is-layout-flex\">\n<div class=\"wp-block-column is-layout-flow wp-block-column-is-layout-flow\">\n<p>Witryny us\u0142ugowe<br>Witryny sklepowe<br>Powierzchnie szklane<br>Okna<br>Drzwi<\/p>\n<\/div>\n\n\n\n<div class=\"wp-block-column is-layout-flow wp-block-column-is-layout-flow\"><\/div>\n<\/div>\n<\/div>\n<\/div>\n<\/div>\n<\/div>\n\n\n\n<div class=\"wp-block-columns is-layout-flex wp-container-core-columns-is-layout-9d6595d7 wp-block-columns-is-layout-flex\">\n<div class=\"wp-block-column is-layout-flow wp-block-column-is-layout-flow\">\n<figure class=\"wp-block-image size-large\"><img loading=\"lazy\" decoding=\"async\" width=\"1024\" height=\"1024\" src=\"https:\/\/mmstudio.co.pl\/wp-content\/uploads\/2022\/07\/POS-2-1024x1024.jpg\" alt=\"\" class=\"wp-image-717\" srcset=\"https:\/\/mmstudio.co.pl\/wp-content\/uploads\/2022\/07\/POS-2-1024x1024.jpg 1024w, https:\/\/mmstudio.co.pl\/wp-content\/uploads\/2022\/07\/POS-2-300x300.jpg 300w, https:\/\/mmstudio.co.pl\/wp-content\/uploads\/2022\/07\/POS-2-150x150.jpg 150w, https:\/\/mmstudio.co.pl\/wp-content\/uploads\/2022\/07\/POS-2-768x768.jpg 768w, https:\/\/mmstudio.co.pl\/wp-content\/uploads\/2022\/07\/POS-2-920x920.jpg 920w, https:\/\/mmstudio.co.pl\/wp-content\/uploads\/2022\/07\/POS-2.jpg 1181w\" sizes=\"auto, (max-width: 1024px) 100vw, 1024px\" \/><\/figure>\n<\/div>\n\n\n\n<div class=\"wp-block-column is-layout-flow wp-block-column-is-layout-flow\">\n<figure class=\"wp-block-image size-large\"><img loading=\"lazy\" decoding=\"async\" width=\"1024\" height=\"1024\" src=\"https:\/\/mmstudio.co.pl\/wp-content\/uploads\/2022\/07\/SYSTEMY-1024x1024.jpg\" alt=\"\" class=\"wp-image-720\" srcset=\"https:\/\/mmstudio.co.pl\/wp-content\/uploads\/2022\/07\/SYSTEMY-1024x1024.jpg 1024w, https:\/\/mmstudio.co.pl\/wp-content\/uploads\/2022\/07\/SYSTEMY-300x300.jpg 300w, https:\/\/mmstudio.co.pl\/wp-content\/uploads\/2022\/07\/SYSTEMY-150x150.jpg 150w, https:\/\/mmstudio.co.pl\/wp-content\/uploads\/2022\/07\/SYSTEMY-768x768.jpg 768w, https:\/\/mmstudio.co.pl\/wp-content\/uploads\/2022\/07\/SYSTEMY-920x920.jpg 920w, https:\/\/mmstudio.co.pl\/wp-content\/uploads\/2022\/07\/SYSTEMY.jpg 1181w\" sizes=\"auto, (max-width: 1024px) 100vw, 1024px\" \/><\/figure>\n<\/div>\n\n\n\n<div class=\"wp-block-column is-layout-flow wp-block-column-is-layout-flow\">\n<figure class=\"wp-block-image size-large\"><img loading=\"lazy\" decoding=\"async\" width=\"1024\" height=\"1024\" src=\"https:\/\/mmstudio.co.pl\/wp-content\/uploads\/2022\/07\/WWW-1-1024x1024.jpg\" alt=\"\" class=\"wp-image-723\" srcset=\"https:\/\/mmstudio.co.pl\/wp-content\/uploads\/2022\/07\/WWW-1-1024x1024.jpg 1024w, https:\/\/mmstudio.co.pl\/wp-content\/uploads\/2022\/07\/WWW-1-300x300.jpg 300w, https:\/\/mmstudio.co.pl\/wp-content\/uploads\/2022\/07\/WWW-1-150x150.jpg 150w, https:\/\/mmstudio.co.pl\/wp-content\/uploads\/2022\/07\/WWW-1-768x768.jpg 768w, https:\/\/mmstudio.co.pl\/wp-content\/uploads\/2022\/07\/WWW-1-920x920.jpg 920w, https:\/\/mmstudio.co.pl\/wp-content\/uploads\/2022\/07\/WWW-1.jpg 1181w\" sizes=\"auto, (max-width: 1024px) 100vw, 1024px\" \/><\/figure>\n<\/div>\n<\/div>\n\n\n\n<div class=\"wp-block-columns is-layout-flex wp-container-core-columns-is-layout-9d6595d7 wp-block-columns-is-layout-flex\">\n<div class=\"wp-block-column is-layout-flow wp-block-column-is-layout-flow\">\n<p><strong>POS\/POSM<\/strong><\/p>\n\n\n\n<p><a href=\"https:\/\/mmstudio.co.pl\/index.php\/project\/pos\/\">ZOBACZ REALIZACJE<\/a><\/p>\n\n\n\n<p>Materia\u0142y POS, to idealne rozwi\u0105zanie, <br>kiedy zale\u017cy Ci na budowaniu marki, jej <br>rozpoznawalno\u015bci oraz relacji z Odbiorcami <br>w dobrym stylu. <\/p>\n\n\n\n<p><strong>Oferuj\u0119 zakres projekt\u00f3w graficznych<br>z przygotowaniem do druku:<\/strong><\/p>\n\n\n\n<div class=\"wp-block-columns is-layout-flex wp-container-core-columns-is-layout-9d6595d7 wp-block-columns-is-layout-flex\">\n<div class=\"wp-block-column is-layout-flow wp-block-column-is-layout-flow\">\n<p>Bramy<br>Cen\u00f3wki<br>Displaye<br>Headery<br>Hangery<br>Krawaty produktowe<br>Listwy <br>Naklejki sklepowe<\/p>\n<\/div>\n\n\n\n<div class=\"wp-block-column is-layout-flow wp-block-column-is-layout-flow\">\n<p>Owijki paletowe<br>Podesty<br>Stopery<br>S\u0142upy<br>Shelfstopery<br>Toppery<br>Tuby<br>Wobblery<\/p>\n<\/div>\n<\/div>\n<\/div>\n\n\n\n<div class=\"wp-block-column is-layout-flow wp-block-column-is-layout-flow\">\n<p><strong>SYSTEMY WYSTAWIENNICZE<\/strong><\/p>\n\n\n\n<p><a href=\"https:\/\/mmstudio.co.pl\/index.php\/project\/systemy-wystawiennicze\/\">ZOBACZ REALIZACJE<\/a><\/p>\n\n\n\n<p>Namioty, standy, czy \u015bcianki, to ledwie <br>pocz\u0105tek. Jednak dzi\u0119ki najr\u00f3\u017cniejszym <br>rozwi\u0105zaniom, jest zdecydowanie wi\u0119cej <br>mo\u017cliwo\u015bci tworzenia autoreklamy.<\/p>\n\n\n\n<p><strong>Oferuj\u0119 zakres projekt\u00f3w graficznych<br>z przygotowaniem do druku:<\/strong><\/p>\n\n\n\n<div class=\"wp-block-columns is-layout-flex wp-container-core-columns-is-layout-9d6595d7 wp-block-columns-is-layout-flex\">\n<div class=\"wp-block-column is-layout-flow wp-block-column-is-layout-flow\">\n<p>Alejki sklepowe<br>Budki<br>Displaye<br>Ekspozytory<br>Ekspozycje paletowe <br>Flagi<br>Le\u017caki<br>Namioty<br>Owijki paletowe<\/p>\n<\/div>\n\n\n\n<div class=\"wp-block-column is-layout-flow wp-block-column-is-layout-flow\">\n<p>Podesty<br>Rollupy <br>Stoiska<br>Standy<br>Strefy<br>\u015acianki   <br>Totemy<br>Trybunki<br>Tapety<\/p>\n<\/div>\n<\/div>\n<\/div>\n\n\n\n<div class=\"wp-block-column is-layout-flow wp-block-column-is-layout-flow\">\n<p><strong>PROJEKTY INTERNETOWE<\/strong><\/p>\n\n\n\n<p><a href=\"https:\/\/mmstudio.co.pl\/index.php\/project\/big-gallery\/\">ZOBACZ REALIZACJE<\/a><br><\/p>\n\n\n\n<p>Internet, \u015bwiat wirtualny, to znacz\u0105ca przestrze\u0144 rzeczywisto\u015bci, w kt\u00f3rej funkcjonujemy.  Odpowiednio u\u017cyte, <br>przynosz\u0105 wymierne korzy\u015bci. <\/p>\n\n\n\n<p><strong>Oferuj\u0119 zakres projekt\u00f3w graficznych<br>z przygotowaniem do druku:<\/strong> <\/p>\n\n\n\n<div class=\"wp-block-columns is-layout-flex wp-container-core-columns-is-layout-9d6595d7 wp-block-columns-is-layout-flex\">\n<div class=\"wp-block-column is-layout-flow wp-block-column-is-layout-flow\">\n<p>Banery<br>Newslettery<br>Og\u0142oszenia<br>One pages<br>Posty<br>Reklamy<br>Slidery <br>Strony internetowe <br><\/p>\n<\/div>\n\n\n\n<div class=\"wp-block-column is-layout-flow wp-block-column-is-layout-flow\"><\/div>\n<\/div>\n<\/div>\n<\/div>\n\n\n\n<h6 class=\"wp-block-heading has-text-align-center\"><\/h6>\n\n\n\n<p><\/p>\n","protected":false},"excerpt":{"rendered":"<p>DRUK MA\u0141OFORMATOWY ZOBACZ REALIZACJE Wygodny i skuteczny rozmiar reklamy dla Twojego biznesu. Jedna z najszybszych, najpopularniejszych i efektywnych metod komunikacji reklamowej. Oferuj\u0119 zakres projekt\u00f3w graficznych z przygotowaniem do druku: BroszuryCennikiCen\u00f3wkiCertyfikatyFolderyKatalogiKalendarzeLogotypyMenu NotesyNaklejki OpakowaniaPapier firmowyPlakatyTeczkiTorbyUlotkiWizyt\u00f3wkiWobbleryVoucheryZaproszenia DRUK WIELKOFORMATOWY ZOBACZ REALIZACJE S\u0142usznie kojarzy si\u0119 ze skal\u0105 makro. To wi\u0119kszy kaliber, dla Twojej przys\u0142owiowej wizyt\u00f3wki. Od pomys\u0142u, przez drobiazgowe projektowanie,&#8230;<\/p>\n","protected":false},"author":1,"featured_media":1311,"parent":0,"menu_order":0,"comment_status":"closed","ping_status":"closed","template":"template-full-width.php","meta":{"footnotes":""},"class_list":["post-672","page","type-page","status-publish","has-post-thumbnail","hentry","has-content"],"_links":{"self":[{"href":"https:\/\/mmstudio.co.pl\/index.php\/wp-json\/wp\/v2\/pages\/672","targetHints":{"allow":["GET"]}}],"collection":[{"href":"https:\/\/mmstudio.co.pl\/index.php\/wp-json\/wp\/v2\/pages"}],"about":[{"href":"https:\/\/mmstudio.co.pl\/index.php\/wp-json\/wp\/v2\/types\/page"}],"author":[{"embeddable":true,"href":"https:\/\/mmstudio.co.pl\/index.php\/wp-json\/wp\/v2\/users\/1"}],"replies":[{"embeddable":true,"href":"https:\/\/mmstudio.co.pl\/index.php\/wp-json\/wp\/v2\/comments?post=672"}],"version-history":[{"count":51,"href":"https:\/\/mmstudio.co.pl\/index.php\/wp-json\/wp\/v2\/pages\/672\/revisions"}],"predecessor-version":[{"id":1308,"href":"https:\/\/mmstudio.co.pl\/index.php\/wp-json\/wp\/v2\/pages\/672\/revisions\/1308"}],"wp:featuredmedia":[{"embeddable":true,"href":"https:\/\/mmstudio.co.pl\/index.php\/wp-json\/wp\/v2\/media\/1311"}],"wp:attachment":[{"href":"https:\/\/mmstudio.co.pl\/index.php\/wp-json\/wp\/v2\/media?parent=672"}],"curies":[{"name":"wp","href":"https:\/\/api.w.org\/{rel}","templated":true}]}}